{"id":129,"date":"2023-01-05T14:06:39","date_gmt":"2023-01-05T14:06:39","guid":{"rendered":"https:\/\/grupgirosoler.cat\/quienes-somos\/"},"modified":"2024-05-17T10:03:15","modified_gmt":"2024-05-17T10:03:15","slug":"qui-som","status":"publish","type":"page","link":"https:\/\/wiroconsulting.es\/ca\/qui-som\/","title":{"rendered":"Qui som"},"content":{"rendered":"<p>A Wiro IT, som m\u00e9s que una consultora d&#8217;IT; som el vostre soci estrat\u00e8gic en la transformaci\u00f3 digital. Fundada amb la missi\u00f3 de portar la innovaci\u00f3 a cada rac\u00f3 del sector empresarial, el nostre equip de professionals experimentats combina un profund coneixement t\u00e8cnic amb una visi\u00f3 estrat\u00e8gica per proporcionar solucions IT que marquen la difer\u00e8ncia.<\/p>\n<p>La nostra filosofia es basa en tres principis fonamentals:<\/p>\n<ul>\n<li><strong>Innovaci\u00f3 Constant<\/strong>: Ens mantenim a l&#8217;avantguarda de les \u00faltimes tend\u00e8ncies tecnol\u00f2giques, assegurant-nos que els nostres clients sempre tinguin acc\u00e9s a les solucions m\u00e9s avan\u00e7ades i efectives.<\/li>\n<li><strong>Enfocament Personalitzat<\/strong>: Entenem que cada negoci \u00e9s \u00fanic. Per aix\u00f2, ens prenem el temps per comprendre les vostres necessitats i dissenyar estrat\u00e8gies a mida que impulsin el vostre creixement.<\/li>\n<li><strong>Resultats Tangibles<\/strong>: Ens enfoquem en lliurar resultats que impactin positivament en el vostre negoci, millorant l&#8217;efici\u00e8ncia, reduint costos i augmentant la competitivitat.<\/li>\n<\/ul>\n<p>A Wiro IT, estem dedicats a construir relacions duradores basades en la confian\u00e7a i l&#8217;\u00e8xit mutu. El vostre \u00e8xit \u00e9s el nostre \u00e8xit, i estem aqu\u00ed per acompanyar-vos en cada pas del vostre viatge digital.<\/p>\n","protected":false},"excerpt":{"rendered":"<p>A Wiro IT, som m\u00e9s que una consultora d&#8217;IT; som el vostre soci estrat\u00e8gic en la transformaci\u00f3 digital. Fundada amb la missi\u00f3 de portar la innovaci\u00f3 a cada rac\u00f3 del sector empresarial, el nostre equip de professionals experimentats combina un profund coneixement t\u00e8cnic amb una visi\u00f3 estrat\u00e8gica per proporcionar solucions IT que marquen la difer\u00e8ncia. [&hellip;]<\/p>\n","protected":false},"author":1,"featured_media":0,"parent":0,"menu_order":2,"comment_status":"closed","ping_status":"closed","template":"template-aboutus.php","meta":{"footnotes":""},"class_list":["post-129","page","type-page","status-publish","hentry"],"aioseo_notices":[],"_links":{"self":[{"href":"https:\/\/wiroconsulting.es\/ca\/wp-json\/wp\/v2\/pages\/129","targetHints":{"allow":["GET"]}}],"collection":[{"href":"https:\/\/wiroconsulting.es\/ca\/wp-json\/wp\/v2\/pages"}],"about":[{"href":"https:\/\/wiroconsulting.es\/ca\/wp-json\/wp\/v2\/types\/page"}],"author":[{"embeddable":true,"href":"https:\/\/wiroconsulting.es\/ca\/wp-json\/wp\/v2\/users\/1"}],"replies":[{"embeddable":true,"href":"https:\/\/wiroconsulting.es\/ca\/wp-json\/wp\/v2\/comments?post=129"}],"version-history":[{"count":6,"href":"https:\/\/wiroconsulting.es\/ca\/wp-json\/wp\/v2\/pages\/129\/revisions"}],"predecessor-version":[{"id":208,"href":"https:\/\/wiroconsulting.es\/ca\/wp-json\/wp\/v2\/pages\/129\/revisions\/208"}],"wp:attachment":[{"href":"https:\/\/wiroconsulting.es\/ca\/wp-json\/wp\/v2\/media?parent=129"}],"curies":[{"name":"wp","href":"https:\/\/api.w.org\/{rel}","templated":true}]}}