{"id":80,"date":"2023-01-03T11:31:43","date_gmt":"2023-01-03T11:31:43","guid":{"rendered":"http:\/\/localhost\/selfoods-web\/aviso-legal\/"},"modified":"2024-05-17T10:05:16","modified_gmt":"2024-05-17T10:05:16","slug":"aviso-legal","status":"publish","type":"page","link":"https:\/\/wiroconsulting.es\/ca\/aviso-legal\/","title":{"rendered":"Av\u00eds legal"},"content":{"rendered":"<p><strong>Informaci\u00f3 Corporativa:<\/strong><br \/>\nEn virtut de la Llei 34\/2002, de Serveis de la Societat de la Informaci\u00f3 i Comer\u00e7 Electr\u00f2nic, informem que aquesta Web \u00e9s propietat de Wiro IT Sl, amb domicili situat a C\/Aritjols 28, 08016, Barcelona\u00a0i adre\u00e7a de correu electr\u00f2nic <a title=\"mailto:pavonsanjuanjavier@gmail.com\" href=\"mailto:pavonsanjuanjavier@gmail.com\" data-outlook-id=\"6a6aaf91-f71f-4975-8936-75c51810c868\"><span lang=\"EN-US\">pavonsanjuanjavier@gmail.com<\/span><\/a>.<\/p>\n<p><strong>Protecci\u00f3 de Continguts:<\/strong><br \/>\nTot el contingut de la present p\u00e0gina web, inclosos els textos, marques, signes distintius logos, imatges, gr\u00e0fics i dissenys, s\u00f3n propietat de Wiro IT Sl i estan protegits per la legislaci\u00f3 vigent en mat\u00e8ria de propietat intel\u00b7lectual. En cap cas l&#8217;acc\u00e9s al portal per part de l&#8217;usuari li atorga dret sobre aquest contingut, ni tan sols per a la reproducci\u00f3 per a \u00fas personal.<\/p>\n","protected":false},"excerpt":{"rendered":"<p>Informaci\u00f3 Corporativa: En virtut de la Llei 34\/2002, de Serveis de la Societat de la Informaci\u00f3 i Comer\u00e7 Electr\u00f2nic, informem que aquesta Web \u00e9s propietat de Wiro IT Sl, amb domicili situat a C\/Aritjols 28, 08016, Barcelona\u00a0i adre\u00e7a de correu electr\u00f2nic pavonsanjuanjavier@gmail.com. Protecci\u00f3 de Continguts: Tot el contingut de la present p\u00e0gina web, inclosos els [&hellip;]<\/p>\n","protected":false},"author":1,"featured_media":0,"parent":0,"menu_order":5,"comment_status":"closed","ping_status":"closed","template":"template-simple.php","meta":{"footnotes":""},"class_list":["post-80","page","type-page","status-publish","hentry"],"aioseo_notices":[],"_links":{"self":[{"href":"https:\/\/wiroconsulting.es\/ca\/wp-json\/wp\/v2\/pages\/80","targetHints":{"allow":["GET"]}}],"collection":[{"href":"https:\/\/wiroconsulting.es\/ca\/wp-json\/wp\/v2\/pages"}],"about":[{"href":"https:\/\/wiroconsulting.es\/ca\/wp-json\/wp\/v2\/types\/page"}],"author":[{"embeddable":true,"href":"https:\/\/wiroconsulting.es\/ca\/wp-json\/wp\/v2\/users\/1"}],"replies":[{"embeddable":true,"href":"https:\/\/wiroconsulting.es\/ca\/wp-json\/wp\/v2\/comments?post=80"}],"version-history":[{"count":7,"href":"https:\/\/wiroconsulting.es\/ca\/wp-json\/wp\/v2\/pages\/80\/revisions"}],"predecessor-version":[{"id":210,"href":"https:\/\/wiroconsulting.es\/ca\/wp-json\/wp\/v2\/pages\/80\/revisions\/210"}],"wp:attachment":[{"href":"https:\/\/wiroconsulting.es\/ca\/wp-json\/wp\/v2\/media?parent=80"}],"curies":[{"name":"wp","href":"https:\/\/api.w.org\/{rel}","templated":true}]}}